{"id":8652,"date":"2025-04-23T11:42:53","date_gmt":"2025-04-23T15:42:53","guid":{"rendered":"https:\/\/hinorivesudmtl.com\/?post_type=product&#038;p=8652"},"modified":"2025-06-03T09:02:57","modified_gmt":"2025-06-03T13:02:57","slug":"new-hino-xl8","status":"publish","type":"product","link":"https:\/\/hinorivesudmtl.com\/en\/inventory\/new-truck\/hino-en\/new-hino-xl8\/","title":{"rendered":"Hino XL8 New for sale | Ch\u00e2ssis Nu Pr\u00eat \u00e0 Configurer"},"content":{"rendered":"<h4>Available at Hino Rive-Sud in Boucherville | On order or in limited stock<\/h4>\n<hr>\n<p>The <strong>New Hino XL8<\/strong> is a <strong>Class 8 truck<\/strong> designed for Quebec companies in need of a <strong>robust, powerful and fully customizable<\/strong> vehicle. Offered in a <strong>chassis-cab<\/strong> configuration <strong>without box<\/strong>, it&#8217;s ready to receive the equipment that meets your operational needs: tipper, van, tanker, aerial platform, specialized trailer and more. <\/p>\n<p>\u27a1\ufe0f Ideal for <strong>municipalities<\/strong>, <strong>specialized contractors<\/strong>, <strong>heavy construction operators<\/strong> or <strong>regional and long-distance transport<\/strong> companies.<\/p>\n<h2>New Hino XL8 quick facts (bare chassis)<\/h2>\n<ul>\n<li><strong>Model<\/strong>: Hino XL8 &#8211; New truck<\/li>\n<li><strong>Engine<\/strong>: Cummins L9, 8.9L, 6-cylinder turbo diesel<\/li>\n<li><strong>Power<\/strong>: Up to <strong>360 hp<\/strong> and <strong>1,150 lb-ft of torque<\/strong><\/li>\n<li><strong>Transmission<\/strong>: Allison 3000 or 3500 series automatic (depending on configuration)<\/li>\n<li><strong>Configuration<\/strong>: Chassis cab with customizable wheelbase<\/li>\n<li><strong>GVWR<\/strong>: <strong>34,200 to 60,600 lbs<\/strong><\/li>\n<li><strong>Fuel<\/strong>: Diesel<\/li>\n<li><strong>Cabin<\/strong>: Day Cab (standard), Extended or Crew Cab (optional)<\/li>\n<li><strong>Manufacturer&#8217;s warranty<\/strong>: Included<\/li>\n<\/ul>\n<hr>\n<h3>\ud83d\udcde Interested in the Hino XL8 bare chassis?<\/h3>\n<p>Contact one of our sales representatives at our Hino dealer in <strong>Boucherville<\/strong> to see what models are available or to configure yours as desired.<\/p>\n<div style=\"overflow-x: auto;\">\n<table style=\"width: 100%; border-collapse: collapse; font-family: Arial, sans-serif; text-align: center;\">\n<thead style=\"background-color: #f4f4f4;\">\n<tr>\n<th style=\"padding: 12px; border: 1px solid #ccc;\">Sylvie Isabelle<\/th>\n<th style=\"padding: 12px; border: 1px solid #ccc;\">\u00c9milien Clart\u00e9<\/th>\n<th style=\"padding: 12px; border: 1px solid #ccc;\">Jean-Fran\u00e7ois Baril<\/th>\n<\/tr>\n<\/thead>\n<tbody>\n<tr>\n<td style=\"padding: 12px; border: 1px solid #ccc;\"><a href=\"mailto:sisabelle@camionnational.com\">sisabelle@camionnational.com<\/a><br \/>\n<a href=\"tel:5148309099\">514-830-9099<\/a><\/td>\n<td style=\"padding: 12px; border: 1px solid #ccc;\"><a href=\"mailto:eclarte@hinorivesudmtl.com\">eclarte@hinorivesudmtl.com<\/a><br \/>\n<a href=\"tel:5819947071\">581-994-7071<\/a><\/td>\n<td style=\"padding: 12px; border: 1px solid #ccc;\"><a href=\"mailto:jfbaril@hinodrummondville.com\">jfbaril@hinodrummondville.com<\/a><br \/>\n<a href=\"tel:8198180095\">819-818-0095<\/a><\/td>\n<\/tr>\n<\/tbody>\n<\/table>\n<\/div>\n<h3><strong>\ud83d\udcb0 <\/strong>Financing Fast and easy!<\/h3>\n<p>We offer <strong data-start=\"1757\" data-end=\"1811\">flexible, cost-effective financing solutions<\/strong> for businesses of all sizes, including <strong data-start=\"1861\" data-end=\"1907\">SMEs, commercial fleets and municipalities<\/strong>. Get your truck without hassle, with a payment plan tailored to your reality. <\/p>\n<hr>\n<h3>Hino warranty and local service included<\/h3>\n<p>The <strong>new Hino XL8<\/strong> is covered by a <strong>full manufacturer&#8217;s warranty<\/strong>. When you choose <strong>Hino Rive-Sud<\/strong>, you also benefit from : <\/p>\n<ul>\n<li><strong>Our Hino-certified mechanical service in Boucherville<\/strong><\/li>\n<li><strong>Quick access to original parts<\/strong><\/li>\n<li><strong>Personalized support for the installation of your box or equipment on the chassis<\/strong><\/li>\n<\/ul>\n","protected":false},"excerpt":{"rendered":"<ul>\n<li style=\"list-style-type: none;\">\n<ul>\n<li><strong>Model<\/strong>: Hino XL8 &#8211; New truck<\/li>\n<li><strong>Engine<\/strong>: Cummins L9, 8.9L, 6-cylinder turbo diesel<\/li>\n<li><strong>Power<\/strong>: Up to <strong>360 hp<\/strong> and <strong>1,150 lb-ft of torque<\/strong><\/li>\n<li><strong>Transmission<\/strong>: Allison 3000 or 3500 series automatic (depending on configuration)<\/li>\n<li><strong>Configuration<\/strong>: Chassis cab ready for the box of your choice<\/li>\n<li><strong>Wheelbase<\/strong>: 152 to 304 inches<\/li>\n<li><strong>Fuel<\/strong>: Diesel<\/li>\n<li><strong data-start=\"1340\" data-end=\"1350\">Cabin<\/strong>: Day Cab (standard), Extended or Crew Cab (optional)<\/li>\n<li><strong>Manufacturer&#8217;s warranty<\/strong>: Included<\/li>\n<\/ul>\n<\/li>\n<\/ul>\n","protected":false},"featured_media":8656,"template":"","meta":{"_glsr_average":0,"_glsr_ranking":0,"_glsr_reviews":0},"product_brand":[200],"product_cat":[261,318,256],"product_tag":[],"class_list":{"0":"post-8652","1":"product","2":"type-product","3":"status-publish","4":"has-post-thumbnail","6":"product_brand-hino","7":"product_cat-hino-en","8":"product_cat-new-and-used-trucks-for-sale","9":"product_cat-new-truck","11":"first","12":"instock","13":"shipping-taxable","14":"product-type-simple"},"acf":[],"_links":{"self":[{"href":"https:\/\/hinorivesudmtl.com\/en\/wp-json\/wp\/v2\/product\/8652","targetHints":{"allow":["GET"]}}],"collection":[{"href":"https:\/\/hinorivesudmtl.com\/en\/wp-json\/wp\/v2\/product"}],"about":[{"href":"https:\/\/hinorivesudmtl.com\/en\/wp-json\/wp\/v2\/types\/product"}],"version-history":[{"count":6,"href":"https:\/\/hinorivesudmtl.com\/en\/wp-json\/wp\/v2\/product\/8652\/revisions"}],"predecessor-version":[{"id":9793,"href":"https:\/\/hinorivesudmtl.com\/en\/wp-json\/wp\/v2\/product\/8652\/revisions\/9793"}],"wp:featuredmedia":[{"embeddable":true,"href":"https:\/\/hinorivesudmtl.com\/en\/wp-json\/wp\/v2\/media\/8656"}],"wp:attachment":[{"href":"https:\/\/hinorivesudmtl.com\/en\/wp-json\/wp\/v2\/media?parent=8652"}],"wp:term":[{"taxonomy":"product_brand","embeddable":true,"href":"https:\/\/hinorivesudmtl.com\/en\/wp-json\/wp\/v2\/product_brand?post=8652"},{"taxonomy":"product_cat","embeddable":true,"href":"https:\/\/hinorivesudmtl.com\/en\/wp-json\/wp\/v2\/product_cat?post=8652"},{"taxonomy":"product_tag","embeddable":true,"href":"https:\/\/hinorivesudmtl.com\/en\/wp-json\/wp\/v2\/product_tag?post=8652"}],"curies":[{"name":"wp","href":"https:\/\/api.w.org\/{rel}","templated":true}]}}