{"id":9775,"date":"2025-06-02T11:10:03","date_gmt":"2025-06-02T15:10:03","guid":{"rendered":"https:\/\/hinorivesudmtl.com\/our-sales-representatives\/"},"modified":"2025-06-02T11:34:02","modified_gmt":"2025-06-02T15:34:02","slug":"our-sales-representatives","status":"publish","type":"page","link":"https:\/\/hinorivesudmtl.com\/en\/our-sales-representatives\/","title":{"rendered":"Our sales representatives"},"content":{"rendered":"\t\t<div data-elementor-type=\"wp-page\" data-elementor-id=\"9775\" class=\"elementor elementor-9775 elementor-9747\" data-elementor-post-type=\"page\">\n\t\t\t\t\t\t<section class=\"elementor-section elementor-top-section elementor-element elementor-element-579a6ac50 elementor-section-height-min-height elementor-section-boxed elementor-section-height-default elementor-section-items-middle wpr-particle-no wpr-jarallax-no wpr-parallax-no wpr-sticky-section-no wpr-equal-height-no\" data-id=\"579a6ac50\" data-element_type=\"section\" data-e-type=\"section\" data-settings=\"{&quot;background_background&quot;:&quot;classic&quot;}\">\n\t\t\t\t\t\t\t<div class=\"elementor-background-overlay\"><\/div>\n\t\t\t\t\t\t\t<div class=\"elementor-container elementor-column-gap-default\">\n\t\t\t\t\t<div class=\"elementor-column elementor-col-100 elementor-top-column elementor-element elementor-element-5c42c56c\" data-id=\"5c42c56c\" data-element_type=\"column\" data-e-type=\"column\">\n\t\t\t<div class=\"elementor-widget-wrap elementor-element-populated\">\n\t\t\t\t\t\t<div class=\"elementor-element elementor-element-2a9df68a elementor-widget elementor-widget-heading\" data-id=\"2a9df68a\" data-element_type=\"widget\" data-e-type=\"widget\" data-widget_type=\"heading.default\">\n\t\t\t\t<div class=\"elementor-widget-container\">\n\t\t\t\t\t<h1 class=\"elementor-heading-title elementor-size-default\">Our sales representatives\n<\/h1>\t\t\t\t<\/div>\n\t\t\t\t<\/div>\n\t\t\t\t\t<\/div>\n\t\t<\/div>\n\t\t\t\t\t<\/div>\n\t\t<\/section>\n\t\t\t\t<section class=\"elementor-section elementor-top-section elementor-element elementor-element-5fc4c081 elementor-section-boxed elementor-section-height-default elementor-section-height-default wpr-particle-no wpr-jarallax-no wpr-parallax-no wpr-sticky-section-no wpr-equal-height-no\" data-id=\"5fc4c081\" data-element_type=\"section\" data-e-type=\"section\" data-settings=\"{&quot;background_background&quot;:&quot;classic&quot;}\">\n\t\t\t\t\t\t\t<div class=\"elementor-background-overlay\"><\/div>\n\t\t\t\t\t\t\t<div class=\"elementor-container elementor-column-gap-default\">\n\t\t\t\t\t<div class=\"elementor-column elementor-col-50 elementor-top-column elementor-element elementor-element-45196899\" data-id=\"45196899\" data-element_type=\"column\" data-e-type=\"column\">\n\t\t\t<div class=\"elementor-widget-wrap elementor-element-populated\">\n\t\t\t\t\t\t<div class=\"elementor-element elementor-element-7791fe7c elementor-widget elementor-widget-heading\" data-id=\"7791fe7c\" data-element_type=\"widget\" data-e-type=\"widget\" data-widget_type=\"heading.default\">\n\t\t\t\t<div class=\"elementor-widget-container\">\n\t\t\t\t\t<h2 class=\"elementor-heading-title elementor-size-default\">Your dedicated team to find the perfect Hino truck<\/h2>\t\t\t\t<\/div>\n\t\t\t\t<\/div>\n\t\t\t\t\t<\/div>\n\t\t<\/div>\n\t\t\t\t<div class=\"elementor-column elementor-col-50 elementor-top-column elementor-element elementor-element-5981716f\" data-id=\"5981716f\" data-element_type=\"column\" data-e-type=\"column\">\n\t\t\t<div class=\"elementor-widget-wrap elementor-element-populated\">\n\t\t\t\t\t\t<div class=\"elementor-element elementor-element-59453fbd elementor-widget elementor-widget-text-editor\" data-id=\"59453fbd\" data-element_type=\"widget\" data-e-type=\"widget\" data-widget_type=\"text-editor.default\">\n\t\t\t\t<div class=\"elementor-widget-container\">\n\t\t\t\t\t\t\t\t\tAt <strong>Hino Rive-Sud<\/strong>, we know that buying a truck, new or used, is an important decision. That&#8217;s why we put at your disposal a team of <strong>experienced, passionate and attentive sales representatives<\/strong>, ready to accompany you every step of the way. <\/p>\nDiscover the team that will guide you to the perfect solution for your needs:<\/p>\t\t\t\t\t\t\t\t<\/div>\n\t\t\t\t<\/div>\n\t\t\t\t\t<\/div>\n\t\t<\/div>\n\t\t\t\t\t<\/div>\n\t\t<\/section>\n\t\t<div class=\"elementor-element elementor-element-5b4d41c e-flex e-con-boxed wpr-particle-no wpr-jarallax-no wpr-parallax-no wpr-sticky-section-no wpr-equal-height-no e-con e-parent\" data-id=\"5b4d41c\" data-element_type=\"container\" data-e-type=\"container\">\n\t\t\t\t\t<div class=\"e-con-inner\">\n\t\t<div class=\"elementor-element elementor-element-31919fd e-con-full e-flex wpr-particle-no wpr-jarallax-no wpr-parallax-no wpr-sticky-section-no wpr-equal-height-no e-con e-child\" data-id=\"31919fd\" data-element_type=\"container\" data-e-type=\"container\">\n\t\t<div class=\"elementor-element elementor-element-90a7b6f e-con-full e-flex wpr-particle-no wpr-jarallax-no wpr-parallax-no wpr-sticky-section-no wpr-equal-height-no e-con e-child\" data-id=\"90a7b6f\" data-element_type=\"container\" data-e-type=\"container\">\n\t\t\t\t<div class=\"elementor-element elementor-element-f061530 elementor-widget elementor-widget-image\" data-id=\"f061530\" data-element_type=\"widget\" data-e-type=\"widget\" data-widget_type=\"image.default\">\n\t\t\t\t<div class=\"elementor-widget-container\">\n\t\t\t\t\t\t\t\t\t\t\t\t\t\t\t<img fetchpriority=\"high\" decoding=\"async\" width=\"460\" height=\"560\" src=\"https:\/\/hinorivesudmtl.com\/wp-content\/uploads\/2025\/06\/SYLVIE-ISABELLE-REPRESENTANTE-VENTES-CAMION-LOURDS-ET-LEGER-min.webp\" class=\"attachment-full size-full wp-image-9768\" alt=\"SYLVIE ISABELLE - REPR\u00c9SENTANTE AUX VENTES DE CAMIONS LOURDS ET L\u00c9GER \u00c0 HINO RIVE-SUD ET HINO DRUMMONDVILLE\" srcset=\"https:\/\/hinorivesudmtl.com\/wp-content\/uploads\/2025\/06\/SYLVIE-ISABELLE-REPRESENTANTE-VENTES-CAMION-LOURDS-ET-LEGER-min.webp 460w, https:\/\/hinorivesudmtl.com\/wp-content\/uploads\/2025\/06\/SYLVIE-ISABELLE-REPRESENTANTE-VENTES-CAMION-LOURDS-ET-LEGER-min-246x300.webp 246w, https:\/\/hinorivesudmtl.com\/wp-content\/uploads\/2025\/06\/SYLVIE-ISABELLE-REPRESENTANTE-VENTES-CAMION-LOURDS-ET-LEGER-min-44x54.webp 44w\" sizes=\"(max-width: 460px) 100vw, 460px\" \/>\t\t\t\t\t\t\t\t\t\t\t\t\t\t\t<\/div>\n\t\t\t\t<\/div>\n\t\t\t\t<div class=\"elementor-element elementor-element-36688de elementor-widget elementor-widget-heading\" data-id=\"36688de\" data-element_type=\"widget\" data-e-type=\"widget\" data-widget_type=\"heading.default\">\n\t\t\t\t<div class=\"elementor-widget-container\">\n\t\t\t\t\t<h3 class=\"elementor-heading-title elementor-size-default\">Sylvie Isabelle<\/h3>\t\t\t\t<\/div>\n\t\t\t\t<\/div>\n\t\t\t\t<div class=\"elementor-element elementor-element-8a4e94c elementor-widget elementor-widget-heading\" data-id=\"8a4e94c\" data-element_type=\"widget\" data-e-type=\"widget\" data-widget_type=\"heading.default\">\n\t\t\t\t<div class=\"elementor-widget-container\">\n\t\t\t\t\t<h5 class=\"elementor-heading-title elementor-size-default\">LIGHT AND HEAVY TRUCK SALES REPRESENTATIVE<\/h5>\t\t\t\t<\/div>\n\t\t\t\t<\/div>\n\t\t\t\t<div class=\"elementor-element elementor-element-219e68f elementor-widget__width-initial elementor-icon-list--layout-traditional elementor-list-item-link-full_width elementor-widget elementor-widget-icon-list\" data-id=\"219e68f\" data-element_type=\"widget\" data-e-type=\"widget\" data-widget_type=\"icon-list.default\">\n\t\t\t\t<div class=\"elementor-widget-container\">\n\t\t\t\t\t\t\t<ul class=\"elementor-icon-list-items\">\n\t\t\t\t\t\t\t<li class=\"elementor-icon-list-item\">\n\t\t\t\t\t\t\t\t\t\t\t<a href=\"tel:5148309099\">\n\n\t\t\t\t\t\t\t\t\t\t\t\t<span class=\"elementor-icon-list-icon\">\n\t\t\t\t\t\t\t<svg xmlns=\"http:\/\/www.w3.org\/2000\/svg\" xmlns:xlink=\"http:\/\/www.w3.org\/1999\/xlink\" width=\"512\" height=\"512\" x=\"0\" y=\"0\" viewBox=\"0 0 64 64\" style=\"enable-background:new 0 0 512 512\" xml:space=\"preserve\" class=\"\"><g><path fill=\"#132443\" d=\"M57.7 18.1C55.84 8.92 45.72 3.55 37.07 7.16c-5.56 2.33-9.28 7.91-9.28 13.95v15.1h15.1c9.42 0 16.68-8.89 14.81-18.11z\" opacity=\"1\" data-original=\"#44c4a1\" class=\"\"><\/path><path fill=\"#dd3333\" d=\"M44.25 48.13c1.59.84 2.08 2.97 1.02 4.42-.97 1.33-2.05 2.58-3.22 3.73a5.992 5.992 0 0 1-5.55 1.57A40.48 40.48 0 0 1 6.15 27.5c-.46-1.99.13-4.09 1.57-5.55 1.15-1.17 2.4-2.25 3.73-3.22 1.46-1.06 3.58-.58 4.42 1.02l3.07 5.82c1.01 1.91.91 4.22-.26 6.05l-2.77 4.31c2.96 5.02 7.14 9.2 12.16 12.16l4.31-2.77a6.012 6.012 0 0 1 6.05-.26z\" opacity=\"1\" data-original=\"#64798a\" class=\"\"><\/path><path d=\"M33.29 22.14c0-3.22 5-3.22 5 0s-5 3.22-5 0zM41.39 22.11c0-3.23 5-3.23 5 0 0 3.22-5 3.22-5 0zM49.5 22.14c0-3.22 5-3.22 5 0s-5 3.22-5 0z\" opacity=\"1\" fill=\"#00000020\" data-original=\"#00000020\" class=\"\"><\/path><g fill=\"#efefef\"><path d=\"M32.29 21.14c0-3.22 5-3.22 5 0s-5 3.22-5 0zM40.39 21.11c0-3.23 5-3.23 5 0 0 3.22-5 3.22-5 0zM48.5 21.14c0-3.22 5-3.22 5 0s-5 3.22-5 0z\" fill=\"#efefef\" opacity=\"1\" data-original=\"#efefef\" class=\"\"><\/path><\/g><\/g><\/svg>\t\t\t\t\t\t<\/span>\n\t\t\t\t\t\t\t\t\t\t<span class=\"elementor-icon-list-text\">514-830-9099<\/span>\n\t\t\t\t\t\t\t\t\t\t\t<\/a>\n\t\t\t\t\t\t\t\t\t<\/li>\n\t\t\t\t\t\t\t\t<li class=\"elementor-icon-list-item\">\n\t\t\t\t\t\t\t\t\t\t\t<a href=\"mailto:sisabelle@camionnational.com\">\n\n\t\t\t\t\t\t\t\t\t\t\t\t<span class=\"elementor-icon-list-icon\">\n\t\t\t\t\t\t\t<svg xmlns=\"http:\/\/www.w3.org\/2000\/svg\" xmlns:xlink=\"http:\/\/www.w3.org\/1999\/xlink\" width=\"512\" height=\"512\" x=\"0\" y=\"0\" viewBox=\"0 0 24 24\" style=\"enable-background:new 0 0 512 512\" xml:space=\"preserve\" class=\"\"><g><path fill=\"#132443\" d=\"M17 3.25H5A2.752 2.752 0 0 0 2.25 6v8A2.752 2.752 0 0 0 5 16.75h7a.75.75 0 0 0 0-1.5H5c-.689 0-1.25-.561-1.25-1.25V6c0-.08.031-.149.045-.225l5.606 4.004a2.752 2.752 0 0 0 3.197 0l5.607-4.004c.014.076.045.145.045.225v5a.75.75 0 0 0 1.5 0V6A2.752 2.752 0 0 0 17 3.25zm-5.274 5.309a1.248 1.248 0 0 1-1.452 0l-5.32-3.8c.016 0 .03-.009.047-.009h12c.017 0 .03.009.047.009l-5.321 3.8z\" opacity=\"1\" data-original=\"#112d55\" class=\"\"><\/path><path fill=\"#dd3333\" d=\"M21.488 13.362c-.24-.636-.582-1.182-1.026-1.638s-.976-.808-1.596-1.056-1.311-.372-2.07-.372-1.46.124-2.1.372c-.641.248-1.198.6-1.674 1.056a4.675 4.675 0 0 0-1.104 1.638c-.26.636-.39 1.342-.39 2.118s.13 1.482.39 2.118.628 1.182 1.104 1.638 1.035.808 1.68 1.056c.644.248 1.35.372 2.118.372 1 0 1.888-.248 2.664-.744l-.612-1.164a3.582 3.582 0 0 1-.966.438c-.349.1-.714.15-1.099.15-.544 0-1.05-.092-1.518-.276s-.876-.448-1.224-.792a3.604 3.604 0 0 1-.811-1.23 4.201 4.201 0 0 1-.288-1.578c0-.56.09-1.074.271-1.542a3.494 3.494 0 0 1 1.998-2.022 4.17 4.17 0 0 1 1.584-.288c.592 0 1.111.094 1.56.282s.822.454 1.122.798.526.746.678 1.206.229.962.229 1.506c0 .488-.057.832-.168 1.032-.112.2-.284.3-.517.3-.184 0-.328-.078-.432-.234s-.156-.374-.156-.654V12.9h-1.2v.457a1.16 1.16 0 0 0-.449-.361 2.456 2.456 0 0 0-1.051-.216 2.47 2.47 0 0 0-1.332.366 2.636 2.636 0 0 0-.924.972 2.689 2.689 0 0 0-.336 1.326c0 .488.114.926.342 1.314.229.388.534.692.918.912.385.22.809.33 1.272.33.264 0 .52-.038.768-.114s.464-.182.648-.318c.135-.1.224-.22.29-.35.016.024.022.057.04.08.188.244.424.422.708.534s.565.168.846.168c.424 0 .798-.1 1.122-.3s.58-.49.769-.87c.188-.38.281-.83.281-1.35 0-.776-.12-1.482-.359-2.118zm-3.805 2.712c-.111.204-.266.366-.462.486s-.422.18-.678.18c-.248 0-.474-.058-.678-.174s-.366-.278-.486-.486-.18-.44-.18-.696c0-.264.06-.498.18-.702s.284-.362.492-.474.436-.164.684-.156c.376.008.687.14.931.396.243.256.365.572.365.948 0 .248-.056.474-.168.678z\" opacity=\"1\" data-original=\"#549bff\" class=\"\"><\/path><\/g><\/svg>\t\t\t\t\t\t<\/span>\n\t\t\t\t\t\t\t\t\t\t<span class=\"elementor-icon-list-text\">sisabelle@camionnational.com<\/span>\n\t\t\t\t\t\t\t\t\t\t\t<\/a>\n\t\t\t\t\t\t\t\t\t<\/li>\n\t\t\t\t\t\t<\/ul>\n\t\t\t\t\t\t<\/div>\n\t\t\t\t<\/div>\n\t\t\t\t<\/div>\n\t\t<div class=\"elementor-element elementor-element-5f1b828 e-con-full e-flex wpr-particle-no wpr-jarallax-no wpr-parallax-no wpr-sticky-section-no wpr-equal-height-no e-con e-child\" data-id=\"5f1b828\" data-element_type=\"container\" data-e-type=\"container\">\n\t\t\t\t<div class=\"elementor-element elementor-element-9aa254a elementor-widget elementor-widget-image\" data-id=\"9aa254a\" data-element_type=\"widget\" data-e-type=\"widget\" data-widget_type=\"image.default\">\n\t\t\t\t<div class=\"elementor-widget-container\">\n\t\t\t\t\t\t\t\t\t\t\t\t\t\t\t<img decoding=\"async\" width=\"460\" height=\"560\" src=\"https:\/\/hinorivesudmtl.com\/wp-content\/uploads\/2025\/06\/EMILIEN-CLARTE-REPRESENTANTE-VENTES-CAMION-LOURDS-ET-LEGER.jpg-min.webp\" class=\"attachment-full size-full wp-image-9766\" alt=\"\u00c9MILIEN CLART\u00c9 - REPR\u00c9SENTANT AUX VENTES DE CAMIONS LOURDS ET\" srcset=\"https:\/\/hinorivesudmtl.com\/wp-content\/uploads\/2025\/06\/EMILIEN-CLARTE-REPRESENTANTE-VENTES-CAMION-LOURDS-ET-LEGER.jpg-min.webp 460w, https:\/\/hinorivesudmtl.com\/wp-content\/uploads\/2025\/06\/EMILIEN-CLARTE-REPRESENTANTE-VENTES-CAMION-LOURDS-ET-LEGER.jpg-min-246x300.webp 246w, https:\/\/hinorivesudmtl.com\/wp-content\/uploads\/2025\/06\/EMILIEN-CLARTE-REPRESENTANTE-VENTES-CAMION-LOURDS-ET-LEGER.jpg-min-44x54.webp 44w\" sizes=\"(max-width: 460px) 100vw, 460px\" \/>\t\t\t\t\t\t\t\t\t\t\t\t\t\t\t<\/div>\n\t\t\t\t<\/div>\n\t\t\t\t<div class=\"elementor-element elementor-element-eb8b625 elementor-widget elementor-widget-heading\" data-id=\"eb8b625\" data-element_type=\"widget\" data-e-type=\"widget\" data-widget_type=\"heading.default\">\n\t\t\t\t<div class=\"elementor-widget-container\">\n\t\t\t\t\t<h3 class=\"elementor-heading-title elementor-size-default\">\u00c9milien Clart\u00e9<\/h3>\t\t\t\t<\/div>\n\t\t\t\t<\/div>\n\t\t\t\t<div class=\"elementor-element elementor-element-095838f elementor-widget elementor-widget-heading\" data-id=\"095838f\" data-element_type=\"widget\" data-e-type=\"widget\" data-widget_type=\"heading.default\">\n\t\t\t\t<div class=\"elementor-widget-container\">\n\t\t\t\t\t<h5 class=\"elementor-heading-title elementor-size-default\">LIGHT AND HEAVY TRUCK SALES REPRESENTATIVE<\/h5>\t\t\t\t<\/div>\n\t\t\t\t<\/div>\n\t\t\t\t<div class=\"elementor-element elementor-element-73e5fd2 elementor-widget__width-initial elementor-icon-list--layout-traditional elementor-list-item-link-full_width elementor-widget elementor-widget-icon-list\" data-id=\"73e5fd2\" data-element_type=\"widget\" data-e-type=\"widget\" data-widget_type=\"icon-list.default\">\n\t\t\t\t<div class=\"elementor-widget-container\">\n\t\t\t\t\t\t\t<ul class=\"elementor-icon-list-items\">\n\t\t\t\t\t\t\t<li class=\"elementor-icon-list-item\">\n\t\t\t\t\t\t\t\t\t\t\t<a href=\"tel:5819947071\">\n\n\t\t\t\t\t\t\t\t\t\t\t\t<span class=\"elementor-icon-list-icon\">\n\t\t\t\t\t\t\t<svg xmlns=\"http:\/\/www.w3.org\/2000\/svg\" xmlns:xlink=\"http:\/\/www.w3.org\/1999\/xlink\" width=\"512\" height=\"512\" x=\"0\" y=\"0\" viewBox=\"0 0 64 64\" style=\"enable-background:new 0 0 512 512\" xml:space=\"preserve\" class=\"\"><g><path fill=\"#132443\" d=\"M57.7 18.1C55.84 8.92 45.72 3.55 37.07 7.16c-5.56 2.33-9.28 7.91-9.28 13.95v15.1h15.1c9.42 0 16.68-8.89 14.81-18.11z\" opacity=\"1\" data-original=\"#44c4a1\" class=\"\"><\/path><path fill=\"#dd3333\" d=\"M44.25 48.13c1.59.84 2.08 2.97 1.02 4.42-.97 1.33-2.05 2.58-3.22 3.73a5.992 5.992 0 0 1-5.55 1.57A40.48 40.48 0 0 1 6.15 27.5c-.46-1.99.13-4.09 1.57-5.55 1.15-1.17 2.4-2.25 3.73-3.22 1.46-1.06 3.58-.58 4.42 1.02l3.07 5.82c1.01 1.91.91 4.22-.26 6.05l-2.77 4.31c2.96 5.02 7.14 9.2 12.16 12.16l4.31-2.77a6.012 6.012 0 0 1 6.05-.26z\" opacity=\"1\" data-original=\"#64798a\" class=\"\"><\/path><path d=\"M33.29 22.14c0-3.22 5-3.22 5 0s-5 3.22-5 0zM41.39 22.11c0-3.23 5-3.23 5 0 0 3.22-5 3.22-5 0zM49.5 22.14c0-3.22 5-3.22 5 0s-5 3.22-5 0z\" opacity=\"1\" fill=\"#00000020\" data-original=\"#00000020\" class=\"\"><\/path><g fill=\"#efefef\"><path d=\"M32.29 21.14c0-3.22 5-3.22 5 0s-5 3.22-5 0zM40.39 21.11c0-3.23 5-3.23 5 0 0 3.22-5 3.22-5 0zM48.5 21.14c0-3.22 5-3.22 5 0s-5 3.22-5 0z\" fill=\"#efefef\" opacity=\"1\" data-original=\"#efefef\" class=\"\"><\/path><\/g><\/g><\/svg>\t\t\t\t\t\t<\/span>\n\t\t\t\t\t\t\t\t\t\t<span class=\"elementor-icon-list-text\">581-994-7071<\/span>\n\t\t\t\t\t\t\t\t\t\t\t<\/a>\n\t\t\t\t\t\t\t\t\t<\/li>\n\t\t\t\t\t\t\t\t<li class=\"elementor-icon-list-item\">\n\t\t\t\t\t\t\t\t\t\t\t<a href=\"mailto:eclarte@hinorivesudmtl.com\">\n\n\t\t\t\t\t\t\t\t\t\t\t\t<span class=\"elementor-icon-list-icon\">\n\t\t\t\t\t\t\t<svg xmlns=\"http:\/\/www.w3.org\/2000\/svg\" xmlns:xlink=\"http:\/\/www.w3.org\/1999\/xlink\" width=\"512\" height=\"512\" x=\"0\" y=\"0\" viewBox=\"0 0 24 24\" style=\"enable-background:new 0 0 512 512\" xml:space=\"preserve\" class=\"\"><g><path fill=\"#132443\" d=\"M17 3.25H5A2.752 2.752 0 0 0 2.25 6v8A2.752 2.752 0 0 0 5 16.75h7a.75.75 0 0 0 0-1.5H5c-.689 0-1.25-.561-1.25-1.25V6c0-.08.031-.149.045-.225l5.606 4.004a2.752 2.752 0 0 0 3.197 0l5.607-4.004c.014.076.045.145.045.225v5a.75.75 0 0 0 1.5 0V6A2.752 2.752 0 0 0 17 3.25zm-5.274 5.309a1.248 1.248 0 0 1-1.452 0l-5.32-3.8c.016 0 .03-.009.047-.009h12c.017 0 .03.009.047.009l-5.321 3.8z\" opacity=\"1\" data-original=\"#112d55\" class=\"\"><\/path><path fill=\"#dd3333\" d=\"M21.488 13.362c-.24-.636-.582-1.182-1.026-1.638s-.976-.808-1.596-1.056-1.311-.372-2.07-.372-1.46.124-2.1.372c-.641.248-1.198.6-1.674 1.056a4.675 4.675 0 0 0-1.104 1.638c-.26.636-.39 1.342-.39 2.118s.13 1.482.39 2.118.628 1.182 1.104 1.638 1.035.808 1.68 1.056c.644.248 1.35.372 2.118.372 1 0 1.888-.248 2.664-.744l-.612-1.164a3.582 3.582 0 0 1-.966.438c-.349.1-.714.15-1.099.15-.544 0-1.05-.092-1.518-.276s-.876-.448-1.224-.792a3.604 3.604 0 0 1-.811-1.23 4.201 4.201 0 0 1-.288-1.578c0-.56.09-1.074.271-1.542a3.494 3.494 0 0 1 1.998-2.022 4.17 4.17 0 0 1 1.584-.288c.592 0 1.111.094 1.56.282s.822.454 1.122.798.526.746.678 1.206.229.962.229 1.506c0 .488-.057.832-.168 1.032-.112.2-.284.3-.517.3-.184 0-.328-.078-.432-.234s-.156-.374-.156-.654V12.9h-1.2v.457a1.16 1.16 0 0 0-.449-.361 2.456 2.456 0 0 0-1.051-.216 2.47 2.47 0 0 0-1.332.366 2.636 2.636 0 0 0-.924.972 2.689 2.689 0 0 0-.336 1.326c0 .488.114.926.342 1.314.229.388.534.692.918.912.385.22.809.33 1.272.33.264 0 .52-.038.768-.114s.464-.182.648-.318c.135-.1.224-.22.29-.35.016.024.022.057.04.08.188.244.424.422.708.534s.565.168.846.168c.424 0 .798-.1 1.122-.3s.58-.49.769-.87c.188-.38.281-.83.281-1.35 0-.776-.12-1.482-.359-2.118zm-3.805 2.712c-.111.204-.266.366-.462.486s-.422.18-.678.18c-.248 0-.474-.058-.678-.174s-.366-.278-.486-.486-.18-.44-.18-.696c0-.264.06-.498.18-.702s.284-.362.492-.474.436-.164.684-.156c.376.008.687.14.931.396.243.256.365.572.365.948 0 .248-.056.474-.168.678z\" opacity=\"1\" data-original=\"#549bff\" class=\"\"><\/path><\/g><\/svg>\t\t\t\t\t\t<\/span>\n\t\t\t\t\t\t\t\t\t\t<span class=\"elementor-icon-list-text\">eclarte@hinorivesudmtl.com<\/span>\n\t\t\t\t\t\t\t\t\t\t\t<\/a>\n\t\t\t\t\t\t\t\t\t<\/li>\n\t\t\t\t\t\t<\/ul>\n\t\t\t\t\t\t<\/div>\n\t\t\t\t<\/div>\n\t\t\t\t<\/div>\n\t\t\t\t<\/div>\n\t\t\t\t\t<\/div>\n\t\t\t\t<\/div>\n\t\t<div class=\"elementor-element elementor-element-5b4c7c0d e-con-full e-flex wpr-particle-no wpr-jarallax-no wpr-parallax-no wpr-sticky-section-no wpr-equal-height-no e-con e-parent\" data-id=\"5b4c7c0d\" data-element_type=\"container\" data-e-type=\"container\" data-settings=\"{&quot;background_background&quot;:&quot;classic&quot;}\">\n\t\t<div class=\"elementor-element elementor-element-4a130817 e-con-full e-flex wpr-particle-no wpr-jarallax-no wpr-parallax-no wpr-sticky-section-no wpr-equal-height-no e-con e-child\" data-id=\"4a130817\" data-element_type=\"container\" data-e-type=\"container\" data-settings=\"{&quot;background_background&quot;:&quot;classic&quot;}\">\n\t\t<div class=\"elementor-element elementor-element-59fe29a7 e-con-full e-flex wpr-particle-no wpr-jarallax-no wpr-parallax-no wpr-sticky-section-no wpr-equal-height-no e-con e-child\" data-id=\"59fe29a7\" data-element_type=\"container\" data-e-type=\"container\">\n\t\t\t\t<div class=\"elementor-element elementor-element-4cc39e61 elementor-widget elementor-widget-html\" data-id=\"4cc39e61\" data-element_type=\"widget\" data-e-type=\"widget\" data-widget_type=\"html.default\">\n\t\t\t\t<div class=\"elementor-widget-container\">\n\t\t\t\t\t<iframe src=\"https:\/\/www.google.com\/maps\/embed?pb=!1m18!1m12!1m3!1d5586.922931719295!2d-73.44190028686347!3d45.561157970955016!2m3!1f0!2f0!3f0!3m2!1i1024!2i768!4f13.1!3m3!1m2!1s0x4cc9033dbdc78f65%3A0x670a4bdbeab8f77d!2sGroupe%20National%20Hino%20Rive-Sud!5e0!3m2!1sfr!2sca!4v1748876987917!5m2!1sfr!2sca\" width=\"600\" height=\"450\" style=\"border:0;\" allowfullscreen=\"\" loading=\"lazy\" referrerpolicy=\"no-referrer-when-downgrade\"><\/iframe>\t\t\t\t<\/div>\n\t\t\t\t<\/div>\n\t\t\t\t<\/div>\n\t\t\t\t<\/div>\n\t\t\t\t<\/div>\n\t\t\t\t<\/div>\n\t\t","protected":false},"excerpt":{"rendered":"<p>Our sales representatives Your dedicated team to find the perfect Hino truck At Hino Rive-Sud, we know that buying a truck, new or used, is an important decision. That&#8217;s why we put at your disposal a team of experienced, passionate and attentive sales representatives, ready to accompany you every step of the way. Discover the team that will guide you to the perfect solution for your needs: Sylvie Isabelle LIGHT AND HEAVY TRUCK SALES REPRESENTATIVE 514-830-9099 sisabelle@camionnational.com \u00c9milien Clart\u00e9 LIGHT AND HEAVY TRUCK SALES REPRESENTATIVE 581-994-7071 eclarte@hinorivesudmtl.com<\/p>\n","protected":false},"author":1,"featured_media":5121,"parent":0,"menu_order":0,"comment_status":"closed","ping_status":"closed","template":"elementor_header_footer","meta":{"_glsr_average":0,"_glsr_ranking":0,"_glsr_reviews":0,"footnotes":""},"class_list":["post-9775","page","type-page","status-publish","has-post-thumbnail","hentry"],"acf":[],"_links":{"self":[{"href":"https:\/\/hinorivesudmtl.com\/en\/wp-json\/wp\/v2\/pages\/9775","targetHints":{"allow":["GET"]}}],"collection":[{"href":"https:\/\/hinorivesudmtl.com\/en\/wp-json\/wp\/v2\/pages"}],"about":[{"href":"https:\/\/hinorivesudmtl.com\/en\/wp-json\/wp\/v2\/types\/page"}],"author":[{"embeddable":true,"href":"https:\/\/hinorivesudmtl.com\/en\/wp-json\/wp\/v2\/users\/1"}],"replies":[{"embeddable":true,"href":"https:\/\/hinorivesudmtl.com\/en\/wp-json\/wp\/v2\/comments?post=9775"}],"version-history":[{"count":1,"href":"https:\/\/hinorivesudmtl.com\/en\/wp-json\/wp\/v2\/pages\/9775\/revisions"}],"predecessor-version":[{"id":9776,"href":"https:\/\/hinorivesudmtl.com\/en\/wp-json\/wp\/v2\/pages\/9775\/revisions\/9776"}],"wp:featuredmedia":[{"embeddable":true,"href":"https:\/\/hinorivesudmtl.com\/en\/wp-json\/wp\/v2\/media\/5121"}],"wp:attachment":[{"href":"https:\/\/hinorivesudmtl.com\/en\/wp-json\/wp\/v2\/media?parent=9775"}],"curies":[{"name":"wp","href":"https:\/\/api.w.org\/{rel}","templated":true}]}}